{"id":628,"date":"2022-07-13T20:08:52","date_gmt":"2022-07-13T20:08:52","guid":{"rendered":"https:\/\/williamsbodenbelaege.de\/?page_id=628"},"modified":"2025-08-12T10:21:54","modified_gmt":"2025-08-12T10:21:54","slug":"datenschutz","status":"publish","type":"page","link":"https:\/\/williamsbodenbelaege.de\/en\/datenschutz\/","title":{"rendered":"Datenschutz"},"content":{"rendered":"<div data-elementor-type=\"wp-page\" data-elementor-id=\"628\" class=\"elementor elementor-628\">\n\t\t\t\t\t\t<section class=\"elementor-section elementor-top-section elementor-element elementor-element-3477a1a elementor-section-boxed elementor-section-height-default elementor-section-height-default\" data-id=\"3477a1a\" data-element_type=\"section\">\n\t\t\t\t\t\t<div class=\"elementor-container elementor-column-gap-default\">\n\t\t\t\t\t<div class=\"elementor-column elementor-col-100 elementor-top-column elementor-element elementor-element-30f722a\" data-id=\"30f722a\" data-element_type=\"column\">\n\t\t\t<div class=\"elementor-widget-wrap elementor-element-populated\">\n\t\t\t\t\t\t<div class=\"elementor-element elementor-element-db19120 elementor-widget elementor-widget-text-editor\" data-id=\"db19120\" data-element_type=\"widget\" data-widget_type=\"text-editor.default\">\n\t\t\t\t<div class=\"elementor-widget-container\">\n\t\t\t\t\t\t\t\t\t<h1>Datenschutz- und Cookie Richtlinien<\/h1><h4>Contact<\/h4><div><p>Williams Bodenbel\u00e4ge UG<br \/>Reinh\u00e4user Landstra\u00dfe 116 -37083 G\u00f6ttingen<\/p><p>Vertretungsberechtigte Personen:<br \/>William Machado<\/p><p>E-Mail-Adresse: <span \n                data-original-string='dF21I1pRKKsJ4m6+VYadDQ==71d3KVxS6WK5Xe0I2DDNFan0Gi6fIUEhY9HzntAV5d\/Na0='\n                class='apbct-email-encoder'\n                title='This contact has been encoded by Anti-Spam by CleanTalk. Click to decode. To finish the decoding make sure that JavaScript is enabled in your browser.'>in<span class=\"apbct-blur\">**<\/span>@<span class=\"apbct-blur\">******************<\/span>ge.de<\/span> <br \/>Telefonnummer: +49 (0) 551-2887860-6<\/p><\/div><h4>Grundsatz<\/h4><p>Diese Datenschutzerkl\u00e4rung soll die Nutzer dieser Website \u00fcber die Art, den Umfang und den Zweck der Erhebung und Verwendung personenbezogener Daten durch den Websitebetreiber (<strong>Williams Bodenbel\u00e4ge UG<\/strong>) informieren.\u00a0<strong>Williams Bodenbel\u00e4ge UG<\/strong> nimmt Ihren Datenschutz sehr ernst und behandelt Ihre personenbezogenen Daten vertraulich und entsprechend der gesetzlichen Vorschriften.<\/p><p>Da durch neue Technologien und die st\u00e4ndige Weiterentwicklung dieser Webseite \u00c4nderungen an dieser Datenschutzerkl\u00e4rung vorgenommen werden k\u00f6nnen, empfehlen wir Ihnen sich die Datenschutzerkl\u00e4rung in regelm\u00e4ssigen Abst\u00e4nden wieder durchzulesen.<\/p><p>Definitionen der verwendeten Begriffe (z.B. \u201cpersonenbezogene Daten\u201d oder \u201cVerarbeitung\u201d) finden Sie in Art. 4 DSGVO.<\/p><h4>Kontakt- und Anfragenverwaltung<\/h4><p>Bei der Kontaktaufnahme mit uns (z.B. per Kontaktformular, E-Mail, Telefon oder via sozialer Medien) werden die Angaben des Nutzers zur Bearbeitung der Kontaktanfrage und deren Abwicklung gem. Art. 6 Abs. 1 lit. b. (im Rahmen vertraglicher-\/vorvertraglicher Beziehungen), Art. 6 Abs. 1 lit. f. (andere Anfragen) DSGVO verarbeitet. Die Angaben der Nutzer k\u00f6nnen in einem Customer-Relationship-Management System (\u201eCRM System\u201c) oder vergleichbarer Anfragenorganisation gespeichert werden.<\/p><p>Die Beantwortung der Kontaktanfragen sowie die Verwaltung von Kontakt- und Anfragedaten im Rahmen von vertraglichen oder vorvertraglichen Beziehungen erfolgt zur Erf\u00fcllung unserer vertraglichen Pflichten oder zur Beantwortung von (vor)vertraglichen Anfragen und im \u00dcbrigen auf Grundlage der berechtigten Interessen an der Beantwortung der Anfragen und Pflege von Nutzer- bzw. Gesch\u00e4ftsbeziehungen.<\/p><h4>Verarbeitete Daten<\/h4><p><strong>Williams Bodenbel\u00e4ge UG<\/strong> erhebt Ihre personenbezogenen Daten nur mit Ihrer Zustimmung (bspw. Ausf\u00fcllen des Kontaktformulars). Die Nutzung der Daten beschr\u00e4nkt sich auf den vorgegebenen gesetzlichen Rahmen. Ihre Daten werden von\u00a0<strong>Williams Bodenbel\u00e4ge UG<\/strong> weder weitergegeben noch verkauft.<\/p><p>Als personenbezogene Daten gelten s\u00e4mtliche Informationen, welche dazu dienen, Ihre Person zu bestimmen und welche zu Ihnen zur\u00fcckverfolgt werden k\u00f6nnen \u2013 also beispielsweise Ihr Name, Ihre E-Mail-Adresse und Telefonnummer.<\/p><ul><li>Bestandsdaten (z.B., Personen-Stammdaten, Namen oder Adressen).<\/li><li>Kontaktdaten (z.B., E-Mail, Telefonnummern).<\/li><li>Nutzungsdaten (z.B., besuchte Webseiten, Interesse an Inhalten, Zugriffszeiten).<\/li><li>Meta-\/Kommunikationsdaten (z.B., Ger\u00e4te-Informationen, IP-Adressen)<\/li><\/ul><h4>Cookies<\/h4><p>Diese Website verwendet Cookies zur pseudonymisierten Reichweitenmessung, die entweder von unserem Server oder dem Server Dritter an den Browser des Nutzers \u00fcbertragen werden. Bei Cookies handelt es sich um kleine Dateien, welche auf Ihrem Endger\u00e4t gespeichert werden. Ihr Browser greift auf diese Dateien zu. Durch den Einsatz von Cookies erh\u00f6ht sich die Benutzerfreundlichkeit und Sicherheit dieser Website.<\/p><h4>Google Analytics<\/h4><p>Wir setzen auf Grundlage unserer berechtigten Interessen (d.h. Interesse an der Analyse, Optimierung und wirtschaftlichem Betrieb unseres Onlineangebotes im Sinne des Art. 6 Abs. 1 lit. f. DSGVO) Google Analytics, einen Webanalysedienst der Google LLC (\u201eGoogle\u201c) ein. Google verwendet Cookies. Die durch das Cookie erzeugten Informationen \u00fcber Benutzung des Onlineangebotes durch die Nutzer werden in der Regel an einen Server von Google in den USA \u00fcbertragen und dort gespeichert.<\/p><p>Google ist unter dem Privacy-Shield-Abkommen zertifiziert und bietet hierdurch eine Garantie, das europ\u00e4ische Datenschutzrecht einzuhalten (<a href=\"https:\/\/www.privacyshield.gov\/participant?id=a2zt000000001L5AAI&amp;status=Active\" target=\"_blank\" rel=\"noreferrer noopener\">https:\/\/www.privacyshield.gov\/participant?id=a2zt000000001L5AAI&amp;status=Active<\/a>).<\/p><h4>Google ReCaptcha<\/h4><p>Wir binden die Funktion zur Erkennung von Bots, z.B. bei Eingaben in Onlineformularen (\u201eReCaptcha\u201c) des Anbieters Google LLC, 1600 Amphitheatre Parkway, Mountain View, CA 94043, USA, ein. Datenschutzerkl\u00e4rung:\u00a0<a href=\"https:\/\/www.google.com\/policies\/privacy\" target=\"_blank\" rel=\"noreferrer noopener\">https:\/\/www.google.com\/policies\/privacy<\/a><br \/>Opt-Out:\u00a0<a href=\"https:\/\/adssettings.google.com\/authenticated\" target=\"_blank\" rel=\"noreferrer noopener\">https:\/\/adssettings.google.com\/authenticated<\/a>.<\/p><h4>Sicherheitsmassnahmen<\/h4><p>Wir treffen nach Massgabe der gesetzlichen Vorgaben unter Ber\u00fccksichtigung des Stands der Technik, der Implementierungskosten und der Art, des Umfangs, der Umst\u00e4nde und der Zwecke der Verarbeitung sowie der unterschiedlichen Eintrittswahrscheinlichkeiten und des Ausmasses der Bedrohung der Rechte und Freiheiten nat\u00fcrlicher Personen geeignete technische und organisatorische Massnahmen, um ein dem Risiko angemessenes Schutzniveau zu gew\u00e4hrleisten.<\/p><p>Zu den Massnahmen geh\u00f6ren insbesondere die Sicherung der Vertraulichkeit, Integrit\u00e4t und Verf\u00fcgbarkeit von Daten durch Kontrolle des physischen und elektronischen Zugangs zu den Daten als auch des sie betreffenden Zugriffs, der Eingabe, der Weitergabe, der Sicherung der Verf\u00fcgbarkeit und ihrer Trennung. Des Weiteren haben wir Verfahren eingerichtet, die eine Wahrnehmung von Betroffenenrechten, die L\u00f6schung von Daten und Reaktionen auf die Gef\u00e4hrdung der Daten gew\u00e4hrleisten. Ferner ber\u00fccksichtigen wir den Schutz personenbezogener Daten bereits bei der Entwicklung bzw. Auswahl von Hardware, Software sowie Verfahren entsprechend dem Prinzip des Datenschutzes, durch Technikgestaltung und durch datenschutzfreundliche Voreinstellungen.<\/p><p>SSL-Verschl\u00fcsselung (https): Um Ihre via unserem Online-Angebot \u00fcbermittelten Daten zu sch\u00fctzen, nutzen wir eine SSL-Verschl\u00fcsselung. Sie erkennen derart verschl\u00fcsselte Verbindungen an dem Pr\u00e4fix https:\/\/ in der Adresszeile Ihres Browsers.<\/p><h4>Rechte der Nutzer<\/h4><p>Nach Massgabe der gesetzlichen Vorgaben, haben Sie das Recht, eine Best\u00e4tigung dar\u00fcber zu verlangen, ob betreffende Daten verarbeitet werden und auf Auskunft \u00fcber diese Daten sowie auf weitere Informationen und Kopie der Daten. Sie haben zudem das Recht zu verlangen, dass betreffende Daten unverz\u00fcglich gel\u00f6scht werden, bzw. alternativ nach Massgabe der gesetzlichen Vorgaben eine Einschr\u00e4nkung der Verarbeitung der Daten zu verlangen.<\/p><h4>L\u00f6schung von Daten<\/h4><p>Die von uns verarbeiteten Daten werden nach Massgabe der gesetzlichen Vorgaben gel\u00f6scht oder in ihrer Verarbeitung eingeschr\u00e4nkt. Sofern nicht im Rahmen dieser Datenschutzerkl\u00e4rung ausdr\u00fccklich angegeben, werden die bei uns gespeicherten Daten gel\u00f6scht, sobald sie f\u00fcr ihre Zweckbestimmung nicht mehr erforderlich sind und der L\u00f6schung keine gesetzlichen Aufbewahrungspflichten entgegenstehen.<\/p><p>Sofern die Daten nicht gel\u00f6scht werden, weil sie f\u00fcr andere und gesetzlich zul\u00e4ssige Zwecke erforderlich sind, wird deren Verarbeitung eingeschr\u00e4nkt. D.h. die Daten werden gesperrt und nicht f\u00fcr andere Zwecke verarbeitet. Das gilt z.B. f\u00fcr Daten, die aus handels- oder steuerrechtlichen Gr\u00fcnden aufbewahrt werden m\u00fcssen.<\/p><div aria-hidden=\"true\">\u00a0<\/div><div aria-hidden=\"true\"><strong>English<\/strong><\/div><h1>Data Protection and Cookie Policy<\/h1><h4>Contact<\/h4><div><div><p>Williams Bodenbel\u00e4ge UG<br \/>Stauffenbergring 1 -37075 G\u00f6ttingen<\/p><p>Authorised representative:<br \/>William Machado<\/p><p>E-Mail Address: <span \n                data-original-string='jWoQBg\/HCW9xPsaXLcWcbg==71dEklzccBDrZ7jX31Q8WoTGNv4Al7dW4kOuh\/Zd8IkSQQ='\n                class='apbct-email-encoder'\n                title='This contact has been encoded by Anti-Spam by CleanTalk. Click to decode. To finish the decoding make sure that JavaScript is enabled in your browser.'>in<span class=\"apbct-blur\">**<\/span>@<span class=\"apbct-blur\">******************<\/span>ge.de<\/span> <br \/>Phone number: +49 (0) 551-2887860-6<\/p><\/div><\/div><h4>Principle<\/h4><p>This privacy policy is intended to inform the users of this website about the type, amount and purpose of the collection and use of personal data by the website operator (<strong>Williams Bodenbel\u00e4ge UG<\/strong>). <strong>Williams Bodenbel\u00e4ge UG<\/strong> takes your privacy very seriously and treats your personal data confidentially and in accordance with the legal regulations.<\/p><p>As new technologies and the constant development of this website may result in changes to this data protection declaration, we recommend that you read through the data protection declaration again at regular intervals.<\/p><p>Definitions of the terms used (e.g., \u00abpersonal data\u00bb or \u00abprocessing\u00bb) can be found in Art. 4 of the GDPR.<\/p><h4>Contact and enquiry management<\/h4><p>When contacting us (e.g., by contact form, e-mail, phone or via social media), the user\u2019s details are used to process the contact enquiry and handle it in accordance with article 6 para. 1 lit. b. (in the context of contractual\/pre-contractual relations), article 6 para. 1 lit. f. (other enquiries) GDPR. The user\u2019s details may be stored in a customer relationship management system (\u00abCRM system\u00bb) or comparable enquiry organisation.<\/p><p>The response to contact enquiries and the management of contact and enquiry data in the context of contractual or pre-contractual relationships is carried out to fulfil our contractual obligations or to respond to (pre)contractual enquiries and, moreover, based on legitimate interests in responding to enquiries and maintaining user or business relationships.<\/p><h4>Data Processing<\/h4><p><strong>Williams Bodenbel\u00e4ge UG<\/strong> only collects your personal data with your consent (e.g., filling out the contact form). The use of the data is limited to the given legal framework. Your data will neither be passed on nor sold by <strong>Williams Bodenbel\u00e4ge UG<\/strong>.<\/p><p>Personal data is any information that can be used to identify you and that can be traced back to you \u2013 for example, your name, e-mail address and phone number.<\/p><ul><li>Personal data (e.g., personal details, names or addresses)<\/li><li>Contact data (e.g., e-mail, phone numbers)<\/li><li>Usage data (e.g., websites visited, interest in content, access times)<\/li><li>Meta\/communication data (e.g., device information, IP addresses)<\/li><\/ul><h4>Cookies<\/h4><p>This website uses cookies for pseudonymous reach measurement, which are transmitted to the user\u2019s browser either by our server or the server of a third party. Cookies are small files that are stored on your end device. Your browser accesses these files. The use of cookies increases the user-friendliness and security of this website.<\/p><h4>Google Analytics<\/h4><p>We use Google Analytics, a web analytics service provided by Google LLC (\u00abGoogle\u00bb), based on our legitimate interests (i.e., interest in the analysis, optimisation, and economic operation of our online offering within the meaning of article 6 para. 1 lit. f. GDPR) Google Analytics, a web analytics service provided by Google LLC (\u00abGoogle\u00bb). Google uses cookies. The information generated by the cookie about the use of the online offer by the users is usually transmitted to a Google server in the USA and stored there.<\/p><p>Google is certified under the Privacy Shield agreement and thereby offers a guarantee of compliance with European data protection law (<a href=\"https:\/\/www.privacyshield.gov\/participant?id=a2zt000000001L5AAI&amp;status=Active\">https:\/\/www.privacyshield.gov\/participant?id=a2zt000000001L5AAI&amp;status=Active<\/a>).<\/p><h4>Google ReCaptcha<\/h4><p>We integrate the function for the recognition of bots, e.g., for entries in online forms (\u00abReCaptcha\u00bb) of the provider Google LLC, 1600 Amphitheatre Parkway, Mountain View, CA 94043, USA.<\/p><p>Privacy policy: <a href=\"https:\/\/www.google.com\/policies\/privacy\" target=\"_blank\" rel=\"noreferrer noopener\">https:\/\/www.google.com\/policies\/privacy<\/a><br \/>Opt-out: <a href=\"https:\/\/adssettings.google.com\/authenticated\" target=\"_blank\" rel=\"noreferrer noopener\">https:\/\/adssettings.google.com\/authenticated<\/a>.<\/p><h4><strong>Security measures<\/strong><\/h4><p>We take appropriate technical and organisational measures in accordance with the law, taking into consideration the state of the technology, the costs of implementation and the type, extent, circumstances and purposes of the processing, as well as the different probabilities of occurrence and the extent of the threat to the rights and freedoms of individuals, to ensure a level of protection appropriate to the risk.<\/p><p>The measures include ensuring the confidentiality, integrity and availability of data by controlling physical and electronic access to the data as well as the access, the input, the transfer, the assurance of availability and their separation. We also have procedures in place to ensure the exercise of data subjects\u203a rights, the deletion of data and responses to data compromise. Furthermore, we already take the protection of personal data into account in the development or selection of hardware, software and procedures in accordance with the principle of data protection, through technology design and through data protection-friendly default settings.<\/p><p>SSL encryption (https): To protect your data transmitted via our online offer, we use SSL encryption. You can recognise such encrypted connections by the prefix https:\/\/ in the address line of your browser.<\/p><h4><strong>User rights<\/strong><\/h4><p>In accordance with legal requirements, you as user have the right to request information, free of charge, about what personal data has been stored about you. You also have the right to have incorrect data corrected and to have processing of your personal data restricted or deleted. If you believe that your data has been processed unlawfully, you may lodge a complaint with the competent supervisory authority.<\/p><h4><strong>Data deletion<\/strong><\/h4><p>The data processed by us will be deleted or restricted in its processing in accordance with legal requirements. Unless expressly stated within the terms of this data protection declaration, the data stored by us will be deleted as soon as it is no longer required for its intended purpose and no statutory retention obligations prevent its deletion.<\/p><p>If the data is not deleted because it is required for other and legally permissible purposes, its processing will be restricted. I.e., the data is blocked and not processed for other purposes. This applies, for example, to data that must be retained for reasons of commercial or tax law.<\/p><p><em>\u00a0<\/em><\/p>\t\t\t\t\t\t\t\t<\/div>\n\t\t\t\t<\/div>\n\t\t\t\t\t<\/div>\n\t\t<\/div>\n\t\t\t\t\t<\/div>\n\t\t<\/section>\n\t\t\t\t<\/div>","protected":false},"excerpt":{"rendered":"<p>Datenschutz- und Cookie Richtlinien Kontakt Williams Bodenbel\u00e4ge UGReinh\u00e4user Landstra\u00dfe 116 -37083 G\u00f6ttingen Vertretungsberechtigte Personen:William Machado E-Mail-Adresse: in**@******************ge.de Telefonnummer: +49 (0) 551-2887860-6 Grundsatz Diese Datenschutzerkl\u00e4rung soll die Nutzer dieser Website \u00fcber die Art, den Umfang und den Zweck der Erhebung und Verwendung personenbezogener Daten durch den Websitebetreiber (Williams Bodenbel\u00e4ge UG) informieren.\u00a0Williams Bodenbel\u00e4ge UG nimmt Ihren Datenschutz [&hellip;]<\/p>","protected":false},"author":1,"featured_media":0,"parent":0,"menu_order":0,"comment_status":"closed","ping_status":"closed","template":"","meta":{"om_disable_all_campaigns":false,"_monsterinsights_skip_tracking":false,"_monsterinsights_sitenote_active":false,"_monsterinsights_sitenote_note":"","_monsterinsights_sitenote_category":0,"site-sidebar-layout":"no-sidebar","site-content-layout":"page-builder","ast-site-content-layout":"default","site-content-style":"default","site-sidebar-style":"default","ast-global-header-display":"","ast-banner-title-visibility":"","ast-main-header-display":"","ast-hfb-above-header-display":"","ast-hfb-below-header-display":"","ast-hfb-mobile-header-display":"","site-post-title":"disabled","ast-breadcrumbs-content":"","ast-featured-img":"disabled","footer-sml-layout":"","theme-transparent-header-meta":"","adv-header-id-meta":"","stick-header-meta":"","header-above-stick-meta":"","header-main-stick-meta":"","header-below-stick-meta":"","astra-migrate-meta-layouts":"default","ast-page-background-enabled":"default","ast-page-background-meta":{"desktop":{"background-color":"var(--ast-global-color-4)","background-image":"","background-repeat":"repeat","background-position":"center center","background-size":"auto","background-attachment":"scroll","background-type":"","background-media":"","overlay-type":"","overlay-color":"","overlay-opacity":"","overlay-gradient":""},"tablet":{"background-color":"","background-image":"","background-repeat":"repeat","background-position":"center center","background-size":"auto","background-attachment":"scroll","background-type":"","background-media":"","overlay-type":"","overlay-color":"","overlay-opacity":"","overlay-gradient":""},"mobile":{"background-color":"","background-image":"","background-repeat":"repeat","background-position":"center center","background-size":"auto","background-attachment":"scroll","background-type":"","background-media":"","overlay-type":"","overlay-color":"","overlay-opacity":"","overlay-gradient":""}},"ast-content-background-meta":{"desktop":{"background-color":"var(--ast-global-color-5)","background-image":"","background-repeat":"repeat","background-position":"center center","background-size":"auto","background-attachment":"scroll","background-type":"","background-media":"","overlay-type":"","overlay-color":"","overlay-opacity":"","overlay-gradient":""},"tablet":{"background-color":"var(--ast-global-color-5)","background-image":"","background-repeat":"repeat","background-position":"center center","background-size":"auto","background-attachment":"scroll","background-type":"","background-media":"","overlay-type":"","overlay-color":"","overlay-opacity":"","overlay-gradient":""},"mobile":{"background-color":"var(--ast-global-color-5)","background-image":"","background-repeat":"repeat","background-position":"center center","background-size":"auto","background-attachment":"scroll","background-type":"","background-media":"","overlay-type":"","overlay-color":"","overlay-opacity":"","overlay-gradient":""}},"_joinchat":[],"footnotes":""},"class_list":["post-628","page","type-page","status-publish","hentry"],"aioseo_notices":[],"_links":{"self":[{"href":"https:\/\/williamsbodenbelaege.de\/en\/wp-json\/wp\/v2\/pages\/628","targetHints":{"allow":["GET"]}}],"collection":[{"href":"https:\/\/williamsbodenbelaege.de\/en\/wp-json\/wp\/v2\/pages"}],"about":[{"href":"https:\/\/williamsbodenbelaege.de\/en\/wp-json\/wp\/v2\/types\/page"}],"author":[{"embeddable":true,"href":"https:\/\/williamsbodenbelaege.de\/en\/wp-json\/wp\/v2\/users\/1"}],"replies":[{"embeddable":true,"href":"https:\/\/williamsbodenbelaege.de\/en\/wp-json\/wp\/v2\/comments?post=628"}],"version-history":[{"count":0,"href":"https:\/\/williamsbodenbelaege.de\/en\/wp-json\/wp\/v2\/pages\/628\/revisions"}],"wp:attachment":[{"href":"https:\/\/williamsbodenbelaege.de\/en\/wp-json\/wp\/v2\/media?parent=628"}],"curies":[{"name":"wp","href":"https:\/\/api.w.org\/{rel}","templated":true}]}}