{"id":1185,"date":"2022-09-07T15:38:45","date_gmt":"2022-09-07T15:38:45","guid":{"rendered":"https:\/\/williamsbodenbelaege.de\/?page_id=1185"},"modified":"2025-08-12T09:30:12","modified_gmt":"2025-08-12T09:30:12","slug":"impressum","status":"publish","type":"page","link":"https:\/\/williamsbodenbelaege.de\/en\/impressum\/","title":{"rendered":"Impressum"},"content":{"rendered":"<div data-elementor-type=\"wp-page\" data-elementor-id=\"1185\" class=\"elementor elementor-1185\">\n\t\t\t\t\t\t<section class=\"elementor-section elementor-top-section elementor-element elementor-element-bdd6e54 elementor-section-boxed elementor-section-height-default elementor-section-height-default\" data-id=\"bdd6e54\" data-element_type=\"section\">\n\t\t\t\t\t\t<div class=\"elementor-container elementor-column-gap-default\">\n\t\t\t\t\t<div class=\"elementor-column elementor-col-100 elementor-top-column elementor-element elementor-element-dc0a392\" data-id=\"dc0a392\" data-element_type=\"column\">\n\t\t\t<div class=\"elementor-widget-wrap elementor-element-populated\">\n\t\t\t\t\t\t<div class=\"elementor-element elementor-element-d2dd4d6 elementor-widget elementor-widget-heading\" data-id=\"d2dd4d6\" data-element_type=\"widget\" data-widget_type=\"heading.default\">\n\t\t\t\t<div class=\"elementor-widget-container\">\n\t\t\t\t\t<h2 class=\"elementor-heading-title elementor-size-xl\"><h1 style=\"font-size: 2.66667rem;font-style: normal;text-align: justify;white-space: normal\">Impressum<\/h1><\/h2>\t\t\t\t<\/div>\n\t\t\t\t<\/div>\n\t\t\t\t\t<\/div>\n\t\t<\/div>\n\t\t\t\t\t<\/div>\n\t\t<\/section>\n\t\t\t\t<section class=\"elementor-section elementor-top-section elementor-element elementor-element-e3a68d9 elementor-section-boxed elementor-section-height-default elementor-section-height-default\" data-id=\"e3a68d9\" data-element_type=\"section\">\n\t\t\t\t\t\t<div class=\"elementor-container elementor-column-gap-default\">\n\t\t\t\t\t<div class=\"elementor-column elementor-col-100 elementor-top-column elementor-element elementor-element-f4ca6aa\" data-id=\"f4ca6aa\" data-element_type=\"column\">\n\t\t\t<div class=\"elementor-widget-wrap elementor-element-populated\">\n\t\t\t\t\t\t<div class=\"elementor-element elementor-element-decc7f4 elementor-widget elementor-widget-text-editor\" data-id=\"decc7f4\" data-element_type=\"widget\" data-widget_type=\"text-editor.default\">\n\t\t\t\t<div class=\"elementor-widget-container\">\n\t\t\t\t\t\t\t\t\t<h6 style=\"mso-margin-top-alt: auto; margin-bottom: .0001pt; line-height: normal;\"><span style=\"font-size: 20pt;\">Angaben gem\u00e4\u00df \u00a7 5 TMG<br \/><\/span><span style=\"background-color: var(--ast-global-color-5); color: var(--ast-global-color-3); font-size: 11.5pt; font-style: inherit;\"><br \/><\/span><\/h6><h6 style=\"mso-margin-top-alt: auto; margin-bottom: .0001pt; line-height: normal;\"><span style=\"background-color: var(--ast-global-color-5); color: var(--ast-global-color-3); font-size: 11.5pt; font-style: inherit;\">Williams Bodenbel\u00e4ge UG<br \/><\/span><span style=\"background-color: var(--ast-global-color-5);\"><span style=\"color: #4b4f58;\"><span style=\"font-size: 15.3333px;\">Reinh\u00e4user Landstra\u00dfe 116<\/span><\/span><br \/><\/span><span style=\"font-size: 11.5pt; font-style: inherit; background-color: var(--ast-global-color-5); color: var(--ast-global-color-3);\">37083 G\u00f6ttingen<\/span><\/h6><h6 style=\"mso-margin-top-alt: auto; margin-bottom: .0001pt; line-height: normal;\"><span style=\"font-size: 11.5pt; font-style: inherit; background-color: var(--ast-global-color-5); color: var(--ast-global-color-3);\"><br \/><\/span><span style=\"font-size: 20pt;\">Vertreten durch<br \/><\/span><span style=\"font-size: 12.0pt; mso-fareast-font-family: 'Times New Roman'; mso-bidi-font-family: Calibri; mso-bidi-theme-font: minor-latin; mso-ansi-language: #2000; mso-fareast-language: #2000;\"><br \/><\/span><\/h6><h6 style=\"mso-margin-top-alt: auto; margin-bottom: .0001pt; line-height: normal;\"><span style=\"font-size: 12.0pt; mso-fareast-font-family: 'Times New Roman'; mso-bidi-font-family: Calibri; mso-bidi-theme-font: minor-latin; mso-ansi-language: #2000; mso-fareast-language: #2000;\">William Machado<br \/><\/span><span style=\"color: #4b4f58; font-size: 15.3333px;\">Reinh\u00e4user Landstra\u00dfe 116<\/span><span style=\"font-size: 12.0pt; mso-fareast-font-family: 'Times New Roman'; mso-bidi-font-family: Calibri; mso-bidi-theme-font: minor-latin; mso-ansi-language: #2000; mso-fareast-language: #2000;\"><br \/><\/span><span style=\"font-size: 12.0pt; mso-fareast-font-family: 'Times New Roman'; mso-bidi-font-family: Calibri; mso-bidi-theme-font: minor-latin; mso-ansi-language: #2000; mso-fareast-language: #2000;\">37083 G\u00f6ttingen<\/span><\/h6><h6 style=\"mso-margin-top-alt: auto; margin-bottom: .0001pt; line-height: normal;\"><span style=\"font-size: 12.0pt; mso-fareast-font-family: 'Times New Roman'; mso-bidi-font-family: Calibri; mso-bidi-theme-font: minor-latin; mso-ansi-language: #2000; mso-fareast-language: #2000;\"><br \/><\/span><span style=\"font-size: 20pt;\">Contact<br \/><\/span><span style=\"font-size: 12.0pt; mso-fareast-font-family: 'Times New Roman'; mso-bidi-font-family: Calibri; mso-bidi-theme-font: minor-latin; mso-ansi-language: #2000; mso-fareast-language: #2000;\"><br \/><\/span><\/h6><h6 style=\"mso-margin-top-alt: auto; margin-bottom: .0001pt; line-height: normal;\"><span style=\"font-size: 12.0pt; mso-fareast-font-family: 'Times New Roman'; mso-bidi-font-family: Calibri; mso-bidi-theme-font: minor-latin; mso-ansi-language: #2000; mso-fareast-language: #2000;\">Phone Number: <\/span>+49 (0) 551-2887860-6<br \/><span style=\"font-size: 12.0pt; mso-fareast-font-family: 'Times New Roman'; mso-bidi-font-family: Calibri; mso-bidi-theme-font: minor-latin; mso-ansi-language: #2000; mso-fareast-language: #2000;\">E-Mail-Adresse:\u00a0<span \n                data-original-string='2qVztzOJ8j5MygXrLk0KzQ==71dKVx8noexpdPj5Et+2UwjXrhqO+tGMgh1sQZIjH1KuC0='\n                class='apbct-email-encoder'\n                title='This contact has been encoded by Anti-Spam by CleanTalk. Click to decode. To finish the decoding make sure that JavaScript is enabled in your browser.'>in<span class=\"apbct-blur\">**<\/span>@<span class=\"apbct-blur\">******************<\/span>ge.de<\/span><\/span><\/h6><h6 style=\"mso-margin-top-alt: auto; margin-bottom: .0001pt; line-height: normal;\"><span style=\"font-size: 12.0pt; mso-fareast-font-family: 'Times New Roman'; mso-bidi-font-family: Calibri; mso-bidi-theme-font: minor-latin; mso-ansi-language: #2000; mso-fareast-language: #2000;\"><br \/><\/span><span style=\"font-size: 20pt;\">Registereintrag<br \/><\/span><\/h6><h6 style=\"mso-margin-top-alt: auto; margin-bottom: .0001pt; line-height: normal;\">Eintragung im Handelsregister.<br \/>Registergericht: G\u00f6ttingen<br \/>Registernummer: HRB\u00a0206753<\/h6><h6 style=\"mso-margin-top-alt: auto; margin-bottom: .0001pt; line-height: normal;\"><span lang=\"DE\"><br \/><\/span><span style=\"font-size: 20pt;\">Umsatzsteuer<br \/><\/span><\/h6><h6 style=\"mso-margin-top-alt: auto; margin-bottom: .0001pt; line-height: normal;\">Umsatzsteuer-Identifikationsnummer gem\u00e4\u00df \u00a727 a Umsatzsteuergesetz:<br \/>DE355584813<\/h6><h6 style=\"mso-margin-top-alt: auto; margin-bottom: .0001pt; line-height: normal;\"><span lang=\"DE\"><br \/><\/span><span style=\"font-size: 20pt;\">EU-Streitschlichtung<br \/><\/span><span style=\"font-size: 12.0pt; mso-fareast-font-family: 'Times New Roman'; mso-bidi-font-family: Calibri; mso-bidi-theme-font: minor-latin; mso-ansi-language: #2000; mso-fareast-language: #2000;\"><br \/><\/span><\/h6><h6 style=\"mso-margin-top-alt: auto; margin-bottom: .0001pt; line-height: normal;\"><span style=\"font-size: 12.0pt; mso-fareast-font-family: 'Times New Roman'; mso-bidi-font-family: Calibri; mso-bidi-theme-font: minor-latin; mso-ansi-language: #2000; mso-fareast-language: #2000;\">Die Europ\u00e4ische Kommission stellt eine Plattform zur Online-Streitbeilegung (OS) bereit:\u00a0<a href=\"https:\/\/ec.europa.eu\/consumers\/odr\/\" target=\"_blank\" rel=\"noopener\"><span style=\"color: windowtext; border: none windowtext 1.0pt; mso-border-alt: none windowtext 0cm; padding: 0cm;\">https:\/\/ec.europa.eu\/consumers\/odr\/<\/span><\/a>.\u00a0<\/span><\/h6><h6 style=\"mso-margin-top-alt: auto; margin-bottom: .0001pt; line-height: normal;\"><span style=\"font-size: 12.0pt; mso-fareast-font-family: 'Times New Roman'; mso-bidi-font-family: Calibri; mso-bidi-theme-font: minor-latin; mso-ansi-language: #2000; mso-fareast-language: #2000;\">Beschwerden melden Sie sich bitte unter info@<\/span>williamsbodenbelaege.de.<\/h6><p>\u00a0<\/p><p>\u00a0<\/p>\t\t\t\t\t\t\t\t<\/div>\n\t\t\t\t<\/div>\n\t\t\t\t\t<\/div>\n\t\t<\/div>\n\t\t\t\t\t<\/div>\n\t\t<\/section>\n\t\t\t\t<\/div>","protected":false},"excerpt":{"rendered":"<p>Impressum Angaben gem\u00e4\u00df \u00a7 5 TMG Williams Bodenbel\u00e4ge UGReinh\u00e4user Landstra\u00dfe 11637083 G\u00f6ttingen Vertreten durch William MachadoReinh\u00e4user Landstra\u00dfe 11637083 G\u00f6ttingen Kontakt Telefonnummer: +49 (0) 551-2887860-6E-Mail-Adresse:\u00a0in**@******************ge.de Registereintrag Eintragung im Handelsregister.Registergericht: G\u00f6ttingenRegisternummer: HRB\u00a0206753 Umsatzsteuer Umsatzsteuer-Identifikationsnummer gem\u00e4\u00df \u00a727 a Umsatzsteuergesetz:DE355584813 EU-Streitschlichtung Die Europ\u00e4ische Kommission stellt eine Plattform zur Online-Streitbeilegung (OS) bereit:\u00a0https:\/\/ec.europa.eu\/consumers\/odr\/.\u00a0 Beschwerden melden Sie sich bitte unter in**@******************ge.de. \u00a0 [&hellip;]<\/p>","protected":false},"author":1,"featured_media":0,"parent":0,"menu_order":0,"comment_status":"closed","ping_status":"closed","template":"","meta":{"om_disable_all_campaigns":false,"_monsterinsights_skip_tracking":false,"_monsterinsights_sitenote_active":false,"_monsterinsights_sitenote_note":"","_monsterinsights_sitenote_category":0,"site-sidebar-layout":"no-sidebar","site-content-layout":"page-builder","ast-site-content-layout":"default","site-content-style":"default","site-sidebar-style":"default","ast-global-header-display":"","ast-banner-title-visibility":"","ast-main-header-display":"","ast-hfb-above-header-display":"","ast-hfb-below-header-display":"","ast-hfb-mobile-header-display":"","site-post-title":"disabled","ast-breadcrumbs-content":"","ast-featured-img":"disabled","footer-sml-layout":"","theme-transparent-header-meta":"","adv-header-id-meta":"","stick-header-meta":"","header-above-stick-meta":"","header-main-stick-meta":"","header-below-stick-meta":"","astra-migrate-meta-layouts":"default","ast-page-background-enabled":"default","ast-page-background-meta":{"desktop":{"background-color":"var(--ast-global-color-4)","background-image":"","background-repeat":"repeat","background-position":"center center","background-size":"auto","background-attachment":"scroll","background-type":"","background-media":"","overlay-type":"","overlay-color":"","overlay-opacity":"","overlay-gradient":""},"tablet":{"background-color":"","background-image":"","background-repeat":"repeat","background-position":"center center","background-size":"auto","background-attachment":"scroll","background-type":"","background-media":"","overlay-type":"","overlay-color":"","overlay-opacity":"","overlay-gradient":""},"mobile":{"background-color":"","background-image":"","background-repeat":"repeat","background-position":"center center","background-size":"auto","background-attachment":"scroll","background-type":"","background-media":"","overlay-type":"","overlay-color":"","overlay-opacity":"","overlay-gradient":""}},"ast-content-background-meta":{"desktop":{"background-color":"var(--ast-global-color-5)","background-image":"","background-repeat":"repeat","background-position":"center center","background-size":"auto","background-attachment":"scroll","background-type":"","background-media":"","overlay-type":"","overlay-color":"","overlay-opacity":"","overlay-gradient":""},"tablet":{"background-color":"var(--ast-global-color-5)","background-image":"","background-repeat":"repeat","background-position":"center center","background-size":"auto","background-attachment":"scroll","background-type":"","background-media":"","overlay-type":"","overlay-color":"","overlay-opacity":"","overlay-gradient":""},"mobile":{"background-color":"var(--ast-global-color-5)","background-image":"","background-repeat":"repeat","background-position":"center center","background-size":"auto","background-attachment":"scroll","background-type":"","background-media":"","overlay-type":"","overlay-color":"","overlay-opacity":"","overlay-gradient":""}},"_joinchat":[],"footnotes":""},"class_list":["post-1185","page","type-page","status-publish","hentry"],"aioseo_notices":[],"_links":{"self":[{"href":"https:\/\/williamsbodenbelaege.de\/en\/wp-json\/wp\/v2\/pages\/1185","targetHints":{"allow":["GET"]}}],"collection":[{"href":"https:\/\/williamsbodenbelaege.de\/en\/wp-json\/wp\/v2\/pages"}],"about":[{"href":"https:\/\/williamsbodenbelaege.de\/en\/wp-json\/wp\/v2\/types\/page"}],"author":[{"embeddable":true,"href":"https:\/\/williamsbodenbelaege.de\/en\/wp-json\/wp\/v2\/users\/1"}],"replies":[{"embeddable":true,"href":"https:\/\/williamsbodenbelaege.de\/en\/wp-json\/wp\/v2\/comments?post=1185"}],"version-history":[{"count":0,"href":"https:\/\/williamsbodenbelaege.de\/en\/wp-json\/wp\/v2\/pages\/1185\/revisions"}],"wp:attachment":[{"href":"https:\/\/williamsbodenbelaege.de\/en\/wp-json\/wp\/v2\/media?parent=1185"}],"curies":[{"name":"wp","href":"https:\/\/api.w.org\/{rel}","templated":true}]}}